{"id":12,"date":"2020-06-22T07:19:55","date_gmt":"2020-06-22T07:19:55","guid":{"rendered":"http:\/\/sw-themes.com\/porto_dummy\/?page_id=12"},"modified":"2024-10-05T21:23:53","modified_gmt":"2024-10-05T21:23:53","slug":"iletisim","status":"publish","type":"page","link":"https:\/\/bubelgeselbenim.com\/index.php\/iletisim\/","title":{"rendered":"\u0130leti\u015fim"},"content":{"rendered":"<section class=\"wpb-content-wrapper\"><p>[vc_row wrap_container=&#8221;yes&#8221; el_class=&#8221;my-1 py-5 bg-top-right&#8221; css=&#8221;.vc_custom_1593075657165{background-image: url(\/\/sw-themes.com\/porto_dummy\/wp-content\/uploads\/2020\/06\/dots-background-4.png?id=354) !important;background-position: 0 0 !important;background-repeat: no-repeat !important;}&#8221;][vc_column el_class=&#8221;mt-3&#8243;][vc_row_inner][vc_column_inner width=&#8221;1\/2&#8243;]<div class=\"porto-u-heading mb-5 pb-2  wpb_custom_95aa9a11c17ad45cfabaf210d84ee7cc porto-u-7381\" data-appear-animation=\"fadeInUp\" data-appear-animation-delay=\"1600\"><div class=\"porto-u-main-heading\"><h6   style=\"font-weight:600;color:#777777;margin-bottom: 4px;font-size:.875rem;line-height:1.4;\">Serra Soysal<\/h6><\/div><div class=\"porto-u-sub-heading\" style=\"font-weight:700;color: #ae8862;font-size:1.5em;line-height:1;\"><a class=\"text-decoration-underline text-reset\" href=\"tel:+905323114088\">+90 532 311 40 88 <\/a><\/p>\n<p><a class=\"text-decoration-underline text-reset\" href=\"mailto:serra@bubelgeselbenim.com\">serra@bubelgeselbenim.com<\/a><\/div><style>.porto-u-7381.porto-u-heading{text-align:center}<\/style><\/div>[\/vc_column_inner][vc_column_inner width=&#8221;1\/2&#8243;]<div class=\"porto-u-heading mb-5 pb-2  wpb_custom_c4c0b84d3d6e1ce340a180cbf407248e porto-u-7663\" data-appear-animation=\"fadeInLeft\" data-appear-animation-delay=\"1200\"><div class=\"porto-u-main-heading\"><h6   style=\"font-weight:600;color:#777777;margin-bottom: 4px;font-size:.875rem;line-height:1.4;\">\u0130pek Borucu Y\u00fccel<\/h6><\/div><div class=\"porto-u-sub-heading\" style=\"color: #ae8862;\"><a class=\"text-decoration-underline text-reset\" href=\"tel:+905327762415\">+90 532 776 24 15 <\/a><\/p>\n<p><a class=\"text-decoration-underline text-reset\" href=\"mailto:ipek@bubelgeselbenim.com\">ipek@bubelgeselbenim.com <\/a><\/div><style>.porto-u-7663.porto-u-heading{text-align:center}<\/style><\/div>[\/vc_column_inner][\/vc_row_inner]<div class=\"porto-animation overflow-hidden mb-2\" >[vc_custom_heading text=&#8221;B\u0130ZE ULA\u015eIN&#8221; font_container=&#8221;tag:p|text_align:center|color:%23000000&#8243; use_theme_fonts=&#8221;yes&#8221; font_weight=&#8221;700&#8243; animation_delay=&#8221;300&#8243; el_class=&#8221;mb-0&#8243; animation_type=&#8221;maskUp&#8221;]<\/div>[vc_custom_heading text=&#8221;\u00d6neri ve \u015fikayetleriniz i\u00e7in isterseniz ileti\u015fim formundan ya da ileti\u015fim numaralar\u0131 ve e-posta adreslerinden mesai saatleri i\u00e7erisinde bizlere ula\u015fabilirsiniz.&#8221; font_container=&#8221;tag:p|font_size:1.1em|text_align:center&#8221; use_theme_fonts=&#8221;yes&#8221; animation_delay=&#8221;700&#8243; el_class=&#8221;mb-5&#8243; animation_type=&#8221;fadeInUp&#8221;]<div class=\"porto-animation overflow-hidden mb-4\" >[vc_custom_heading text=&#8221;Nas\u0131l Yard\u0131mc\u0131 Olabiliriz ?&#8221; font_container=&#8221;tag:h2|font_size:2.3em|text_align:center|line_height:1.2&#8243; use_theme_fonts=&#8221;yes&#8221; animation_delay=&#8221;500&#8243; el_class=&#8221;mb-0&#8243; animation_type=&#8221;maskUp&#8221;]<\/div><div class=\"wpb_custom_70a4c62b80427b82559370472b5c0ee8 custom-box-shadow mb-4\" data-appear-animation=\"fadeInUp\" data-appear-animation-delay=\"900\">\n<div class=\"wpcf7 no-js\" id=\"wpcf7-f429-o1\" lang=\"en-US\" dir=\"ltr\">\n<div class=\"screen-reader-response\"><p role=\"status\" aria-live=\"polite\" aria-atomic=\"true\"><\/p> <ul><\/ul><\/div>\n<form action=\"\/index.php\/wp-json\/wp\/v2\/pages\/12#wpcf7-f429-o1\" method=\"post\" class=\"wpcf7-form init\" aria-label=\"Contact form\" novalidate=\"novalidate\" data-status=\"init\">\n<div style=\"display: none;\">\n<input type=\"hidden\" name=\"_wpcf7\" value=\"429\" \/>\n<input type=\"hidden\" name=\"_wpcf7_version\" value=\"5.9.8\" \/>\n<input type=\"hidden\" name=\"_wpcf7_locale\" value=\"en_US\" \/>\n<input type=\"hidden\" name=\"_wpcf7_unit_tag\" value=\"wpcf7-f429-o1\" \/>\n<input type=\"hidden\" name=\"_wpcf7_container_post\" value=\"0\" \/>\n<input type=\"hidden\" name=\"_wpcf7_posted_data_hash\" value=\"\" \/>\n<\/div>\n<div class=\"row m-r-n-sm m-l-n-sm\">\n\t<div class=\"form-group col-lg-6 p-l-sm p-r-sm\">\n\t\t<p><span class=\"wpcf7-form-control-wrap\" data-name=\"your-name\"><input size=\"40\" maxlength=\"400\" class=\"wpcf7-form-control wpcf7-text wpcf7-validates-as-required form-control\" aria-required=\"true\" aria-invalid=\"false\" placeholder=\"Ad\u0131n\u0131z Soyad\u0131n\u0131z\" value=\"\" type=\"text\" name=\"your-name\" \/><\/span>\n\t\t<\/p>\n\t<\/div>\n\t<div class=\"form-group col-lg-6 p-l-sm p-r-sm\">\n\t\t<p><span class=\"wpcf7-form-control-wrap\" data-name=\"your-phone\"><input size=\"40\" maxlength=\"400\" class=\"wpcf7-form-control wpcf7-text wpcf7-validates-as-required form-control\" aria-required=\"true\" aria-invalid=\"false\" placeholder=\"Telefon Numaran\u0131z\" value=\"\" type=\"text\" name=\"your-phone\" \/><\/span>\n\t\t<\/p>\n\t<\/div>\n<\/div>\n<div class=\"row m-r-n-sm m-l-n-sm\">\n\t<div class=\"form-group col-lg-6 p-l-sm p-r-sm\">\n\t\t<p><span class=\"wpcf7-form-control-wrap\" data-name=\"your-email\"><input size=\"40\" maxlength=\"400\" class=\"wpcf7-form-control wpcf7-email wpcf7-validates-as-required wpcf7-text wpcf7-validates-as-email form-control\" aria-required=\"true\" aria-invalid=\"false\" placeholder=\"E-mail\" value=\"\" type=\"email\" name=\"your-email\" \/><\/span>\n\t\t<\/p>\n\t<\/div>\n\t<div class=\"form-group col-lg-6 p-l-sm p-r-sm\">\n\t\t<p><span class=\"wpcf7-form-control-wrap\" data-name=\"your-subject\"><input size=\"40\" maxlength=\"400\" class=\"wpcf7-form-control wpcf7-text form-control\" aria-invalid=\"false\" placeholder=\"Konu\" value=\"\" type=\"text\" name=\"your-subject\" \/><\/span>\n\t\t<\/p>\n\t<\/div>\n<\/div>\n<div class=\"form-group\">\n\t<p><span class=\"wpcf7-form-control-wrap\" data-name=\"your-message\"><textarea cols=\"40\" rows=\"12\" maxlength=\"2000\" class=\"wpcf7-form-control wpcf7-textarea form-control\" aria-invalid=\"false\" placeholder=\"Mesaj\u0131n\u0131z\" name=\"your-message\"><\/textarea><\/span>\n\t<\/p>\n<\/div>\n<div class=\"form-group\">\n\t<p><input class=\"wpcf7-form-control wpcf7-submit has-spinner btn btn-borders btn-secondary\" type=\"submit\" value=\"G\u00f6nder\" \/>\n\t<\/p>\n<\/div><div class=\"wpcf7-response-output\" aria-hidden=\"true\"><\/div>\n<\/form>\n<\/div>\n<\/div>[\/vc_column][\/vc_row]<\/p>\n<\/section>","protected":false},"excerpt":{"rendered":"<p>[vc_row wrap_container=&#8221;yes&#8221; el_class=&#8221;my-1 py-5 bg-top-right&#8221; css=&#8221;.vc_custom_1593075657165{background-image: url(\/\/sw-themes.com\/porto_dummy\/wp-content\/uploads\/2020\/06\/dots-background-4.png?id=354) !important;background-position: 0 0 !important;background-repeat: no-repeat !important;}&#8221;][vc_column el_class=&#8221;mt-3&#8243;][vc_row_inner][vc_column_inner width=&#8221;1\/2&#8243;][\/vc_column_inner][vc_column_inner width=&#8221;1\/2&#8243;][\/vc_column_inner][\/vc_row_inner][vc_custom_heading text=&#8221;\u00d6neri ve \u015fikayetleriniz i\u00e7in isterseniz ileti\u015fim formundan ya da ileti\u015fim numaralar\u0131 ve e-posta adreslerinden mesai saatleri i\u00e7erisinde bizlere ula\u015fabilirsiniz.&#8221; font_container=&#8221;tag:p|font_size:1.1em|text_align:center&#8221; use_theme_fonts=&#8221;yes&#8221; animation_delay=&#8221;700&#8243; el_class=&#8221;mb-5&#8243; animation_type=&#8221;fadeInUp&#8221;][\/vc_column][\/vc_row]<\/p>\n","protected":false},"author":1,"featured_media":0,"parent":0,"menu_order":0,"comment_status":"closed","ping_status":"closed","template":"","meta":{"footnotes":""},"class_list":["post-12","page","type-page","status-publish","hentry"],"_links":{"self":[{"href":"https:\/\/bubelgeselbenim.com\/index.php\/wp-json\/wp\/v2\/pages\/12","targetHints":{"allow":["GET"]}}],"collection":[{"href":"https:\/\/bubelgeselbenim.com\/index.php\/wp-json\/wp\/v2\/pages"}],"about":[{"href":"https:\/\/bubelgeselbenim.com\/index.php\/wp-json\/wp\/v2\/types\/page"}],"author":[{"embeddable":true,"href":"https:\/\/bubelgeselbenim.com\/index.php\/wp-json\/wp\/v2\/users\/1"}],"replies":[{"embeddable":true,"href":"https:\/\/bubelgeselbenim.com\/index.php\/wp-json\/wp\/v2\/comments?post=12"}],"version-history":[{"count":11,"href":"https:\/\/bubelgeselbenim.com\/index.php\/wp-json\/wp\/v2\/pages\/12\/revisions"}],"predecessor-version":[{"id":910,"href":"https:\/\/bubelgeselbenim.com\/index.php\/wp-json\/wp\/v2\/pages\/12\/revisions\/910"}],"wp:attachment":[{"href":"https:\/\/bubelgeselbenim.com\/index.php\/wp-json\/wp\/v2\/media?parent=12"}],"curies":[{"name":"wp","href":"https:\/\/api.w.org\/{rel}","templated":true}]}}