{"id":871,"date":"2024-10-03T20:22:55","date_gmt":"2024-10-03T20:22:55","guid":{"rendered":"https:\/\/erkamyurt.com.tr\/belgesel\/?page_id=871"},"modified":"2024-10-04T10:39:29","modified_gmt":"2024-10-04T10:39:29","slug":"nasil-calisiyoruz","status":"publish","type":"page","link":"https:\/\/bubelgeselbenim.com\/index.php\/nasil-calisiyoruz\/","title":{"rendered":"Nas\u0131l \u00c7al\u0131\u015f\u0131yoruz"},"content":{"rendered":"<section class=\"wpb-content-wrapper\"><p>[vc_row content_placement=&#8221;middle&#8221; wrap_container=&#8221;yes&#8221; el_class=&#8221;custom-bg-pos&#8221; css=&#8221;.vc_custom_1728037892310{padding-top: 6rem !important;padding-bottom: 6rem !important;background-position: 0 0 !important;background-repeat: no-repeat !important;}&#8221; conditional_render=&#8221;%5B%7B%22value_role%22%3A%22administrator%22%7D%5D&#8221;][vc_column offset=&#8221;vc_col-md-5&#8243; conditional_render=&#8221;%5B%7B%22value_role%22%3A%22administrator%22%7D%5D&#8221;][vc_column_text el_class=&#8221;mb-0&#8243;]\r\n        <div class='html5_video_players' style=\"width:100%;\" data-nonce=\"0b1fdbbf85\" data-attributes=\"{&quot;options&quot;:{&quot;controls&quot;:[&quot;play-large&quot;,&quot;mute&quot;,&quot;volume&quot;,&quot;fullscreen&quot;],&quot;settings&quot;:[&quot;captions&quot;,&quot;quality&quot;,&quot;speed&quot;,&quot;loop&quot;],&quot;loadSprite&quot;:true,&quot;autoplay&quot;:true,&quot;seekTime&quot;:10,&quot;volume&quot;:1,&quot;muted&quot;:true,&quot;hideControls&quot;:true,&quot;resetOnEnd&quot;:false,&quot;tooltips&quot;:{&quot;controls&quot;:true,&quot;seek&quot;:true},&quot;captions&quot;:{&quot;active&quot;:false,&quot;language&quot;:&quot;auto&quot;,&quot;update&quot;:true},&quot;ratio&quot;:null,&quot;storage&quot;:{&quot;enabled&quot;:true,&quot;key&quot;:&quot;plyr&quot;},&quot;speed&quot;:{&quot;options&quot;:[&quot;1&quot;,&quot;2&quot;,&quot;3&quot;,&quot;0.5&quot;,&quot;0.75&quot;,&quot;1.25&quot;,&quot;1.5&quot;,&quot;1.75&quot;,&quot;2.5&quot;]},&quot;loop&quot;:{&quot;active&quot;:false},&quot;ads&quot;:{&quot;enabled&quot;:true},&quot;urls&quot;:{&quot;enabled&quot;:false},&quot;markers&quot;:{&quot;enabled&quot;:true,&quot;points&quot;:[]},&quot;preload&quot;:&quot;metadata&quot;,&quot;imported&quot;:true},&quot;additionalID&quot;:&quot;&quot;,&quot;features&quot;:{&quot;popup&quot;:{&quot;enabled&quot;:false,&quot;selector&quot;:null,&quot;hasBtn&quot;:false,&quot;type&quot;:&quot;poster&quot;,&quot;btnText&quot;:&quot;Watch Video&quot;,&quot;align&quot;:&quot;center&quot;,&quot;btnStyle&quot;:{&quot;color&quot;:&quot;#fff&quot;,&quot;backgroundColor&quot;:&quot;#006BA1&quot;,&quot;fontSize&quot;:&quot;16px&quot;,&quot;padding&quot;:{&quot;top&quot;:&quot;10px&quot;,&quot;right&quot;:&quot;20px&quot;,&quot;bottom&quot;:&quot;10px&quot;,&quot;left&quot;:&quot;20px&quot;}}},&quot;overlay&quot;:{&quot;enabled&quot;:false,&quot;items&quot;:[{&quot;color&quot;:&quot;#fff&quot;,&quot;backgroundColor&quot;:&quot;#333&quot;,&quot;fontSize&quot;:&quot;16px&quot;,&quot;link&quot;:&quot;&quot;,&quot;logo&quot;:&quot;&quot;,&quot;text&quot;:&quot;Simple Text&quot;,&quot;position&quot;:&quot;top_right&quot;,&quot;type&quot;:&quot;text&quot;,&quot;opacity&quot;:1}]},&quot;endScreen&quot;:{&quot;enabled&quot;:false,&quot;text&quot;:&quot;Simple Text&quot;,&quot;btnText&quot;:&quot;Watch Again&quot;,&quot;btnLink&quot;:&quot;&quot;,&quot;btnStyle&quot;:[]},&quot;thumbInPause&quot;:{&quot;enabled&quot;:false,&quot;type&quot;:&quot;default&quot;},&quot;watermark&quot;:{&quot;enabled&quot;:false,&quot;type&quot;:&quot;email&quot;,&quot;text&quot;:&quot;&quot;,&quot;color&quot;:&quot;#f00&quot;},&quot;passwordProtected&quot;:{&quot;enabled&quot;:false,&quot;errorMessage&quot;:&quot;Password didn&#039;t matched&quot;,&quot;heading&quot;:&quot;Please Entire the password to access the video&quot;,&quot;button&quot;:{&quot;text&quot;:&quot;Access&quot;,&quot;color&quot;:&quot;#222&quot;,&quot;backgroundColor&quot;:&quot;#ffffffe3&quot;},&quot;key&quot;:&quot;h5vp_nAebndNqCl&quot;},&quot;sticky&quot;:{&quot;enabled&quot;:false,&quot;position&quot;:&quot;top_right&quot;},&quot;playWhenVisible&quot;:false,&quot;disablePause&quot;:false,&quot;hideYoutubeUI&quot;:false,&quot;startTime&quot;:null,&quot;hideLoadingPlaceholder&quot;:false},&quot;data&quot;:[],&quot;propagans&quot;:false,&quot;customDownloadURL&quot;:false,&quot;captionEnabled&quot;:false,&quot;disableDownload&quot;:false,&quot;disablePause&quot;:false,&quot;startTime&quot;:0,&quot;thumbInPause&quot;:false,&quot;thumbStyle&quot;:&quot;default&quot;,&quot;autoplayWhenVisible&quot;:false,&quot;saveState&quot;:true,&quot;protected&quot;:false,&quot;captions&quot;:[{&quot;label&quot;:&quot;label&quot;,&quot;caption_file&quot;:&quot;&quot;}],&quot;qualities&quot;:[],&quot;source&quot;:&quot;https:\\\/\\\/bubelgeselbenim.com\\\/wp-content\\\/uploads\\\/2024\\\/10\\\/B.B.B-fragman.mp4&quot;,&quot;poster&quot;:false,&quot;hideYoutubeUI&quot;:false,&quot;branding&quot;:{&quot;enabled&quot;:false,&quot;color&quot;:&quot;#ffffff&quot;},&quot;imported&quot;:true,&quot;uniqueId&quot;:&quot;h5vp325d9394&quot;,&quot;styles&quot;:{&quot;plyr--video&quot;:{&quot;--plyr-color-main&quot;:&quot;#1ABAFF&quot;},&quot;plyr_wrapper&quot;:{&quot;width&quot;:&quot;100%&quot;},&quot;plyr&quot;:{&quot;borderRadius&quot;:&quot;0px&quot;}},&quot;width&quot;:{&quot;deprecated&quot;:true,&quot;number&quot;:100,&quot;unit&quot;:&quot;%&quot;,&quot;isDeprecated&quot;:true},&quot;provider&quot;:&quot;self-hosted&quot;,&quot;quality&quot;:[],&quot;subtitle&quot;:[{&quot;label&quot;:&quot;label&quot;,&quot;caption_file&quot;:&quot;&quot;}],&quot;CSS&quot;:&quot;&quot;,&quot;isCDURL&quot;:false,&quot;posterTime&quot;:20,&quot;chapters&quot;:[],&quot;controls&quot;:{&quot;play-large&quot;:true,&quot;restart&quot;:false,&quot;rewind&quot;:false,&quot;play&quot;:true,&quot;fast-forward&quot;:false,&quot;progress&quot;:true,&quot;current-time&quot;:true,&quot;duration&quot;:false,&quot;mute&quot;:true,&quot;volume&quot;:true,&quot;pip&quot;:false,&quot;airplay&quot;:false,&quot;settings&quot;:true,&quot;downlaod&quot;:false,&quot;fullscreen&quot;:true},&quot;brandColor&quot;:&quot;#00B3FF&quot;,&quot;radius&quot;:{&quot;number&quot;:0,&quot;unit&quot;:&quot;px&quot;},&quot;repeat&quot;:false,&quot;autoplay&quot;:false,&quot;muted&quot;:false,&quot;sticky&quot;:false,&quot;stickyPosition&quot;:&quot;top-right&quot;,&quot;popup&quot;:false,&quot;popupType&quot;:&quot;poster&quot;,&quot;playsinline&quot;:false,&quot;popupBtnStyle&quot;:{&quot;color&quot;:&quot;#fff&quot;,&quot;backgroundColor&quot;:&quot;#006BA1&quot;,&quot;fontSize&quot;:&quot;16px&quot;,&quot;padding&quot;:{&quot;top&quot;:&quot;10px&quot;,&quot;right&quot;:&quot;20px&quot;,&quot;bottom&quot;:&quot;10px&quot;,&quot;left&quot;:&quot;20px&quot;},&quot;align&quot;:&quot;center&quot;},&quot;popupBtnText&quot;:&quot;Watch Video&quot;,&quot;resetOnEnd&quot;:false,&quot;autoHideControl&quot;:true,&quot;protectedText&quot;:&quot;Please enter password to wath the video&quot;,&quot;seekTime&quot;:10,&quot;preload&quot;:&quot;metadata&quot;,&quot;overlay&quot;:false,&quot;overlayPosition&quot;:&quot;top_right&quot;,&quot;overlayBackground&quot;:&quot;#333&quot;,&quot;overlayOpacity&quot;:0.8,&quot;overlayTextColor&quot;:&quot;#ffffff&quot;,&quot;overlayFontSize&quot;:{&quot;number&quot;:20,&quot;unit&quot;:&quot;px&quot;},&quot;overlayTextHoverColor&quot;:&quot;#ffffff&quot;,&quot;endScreen&quot;:{&quot;enabled&quot;:false,&quot;text&quot;:&quot;Simple Text&quot;,&quot;btnText&quot;:&quot;Watch Again&quot;,&quot;btnLink&quot;:&quot;&quot;,&quot;btnStyle&quot;:[]},&quot;endscreen&quot;:false,&quot;endscreenText&quot;:&quot;Endscreen text&quot;,&quot;endscreenTextLink&quot;:&quot;#&quot;,&quot;streaming&quot;:false,&quot;streamingType&quot;:&quot;hls&quot;,&quot;speed&quot;:{&quot;1&quot;:true,&quot;2&quot;:true,&quot;3&quot;:true,&quot;0.5&quot;:true,&quot;0.75&quot;:true,&quot;1.25&quot;:true,&quot;1.5&quot;:true,&quot;1.75&quot;:true,&quot;2.5&quot;:true}}\">\r\n            <div class=\"preload_poster\" style=\"background: url();background-position: 50% 50%;overflow:hidden;aspect-ratio:\">\r\n                <svg width=\"36px\" height=\"36px\" viewBox=\"0 0 15 15\" fill=\"none\" xmlns=\"http:\/\/www.w3.org\/2000\/svg\">\r\n                    <path d=\"M4.79062 2.09314C4.63821 1.98427 4.43774 1.96972 4.27121 2.05542C4.10467 2.14112 4 2.31271 4 2.5V12.5C4 12.6873 4.10467 12.8589 4.27121 12.9446C4.43774 13.0303 4.63821 13.0157 4.79062 12.9069L11.7906 7.90687C11.922 7.81301 12 7.66148 12 7.5C12 7.33853 11.922 7.18699 11.7906 7.09314L4.79062 2.09314Z\" fill=\"#fff\"\/>\r\n                <\/svg>\r\n            <\/div>\r\n        <\/div>\r\n        [\/vc_column_text][\/vc_column][vc_column offset=&#8221;vc_col-lg-5 vc_col-md-7&#8243; el_class=&#8221;mb-5 mb-lg-0&#8243; conditional_render=&#8221;%5B%7B%22value_role%22%3A%22administrator%22%7D%5D&#8221;][vc_custom_heading text=&#8221;Haz\u0131rl\u0131k S\u00fcreci&#8221; font_container=&#8221;tag:h3|text_align:left|color:%23ae8862&#8243; use_theme_fonts=&#8221;yes&#8221; text_transform=&#8221;text-uppercase&#8221; font_weight=&#8221;700&#8243; animation_delay=&#8221;700&#8243; el_class=&#8221;mb-1&#8243; animation_type=&#8221;fadeInUp&#8221;][vc_custom_heading text=&#8221;Ailenizin tarihini sonraki ku\u015faklara aktarmak i\u00e7in g\u00fczel bir ara\u00e7 olacak bu film i\u00e7in iyi haz\u0131rlanmak gerekiyor. Tercihan \u00e7ekim yapaca\u011f\u0131m\u0131z mek\u00e2nda kapsaml\u0131 bir \u00f6n g\u00f6r\u00fc\u015fme yap\u0131yoruz. \u00d6zellikle eski foto\u011fraflar, belgeler bizim i\u00e7in \u00e7ok \u00f6nemli. Yan\u0131m\u0131zda getirdi\u011fimiz taray\u0131c\u0131yla hem bu belgeleri dijital ortama ge\u00e7iriyor, hem de aile tarihinizi ana hatlar\u0131yla konu\u015fup filmimizin \u00e7at\u0131s\u0131n\u0131 kuruyoruz. \u00c7ekim g\u00fcn\u00fc i\u00e7in s\u00f6zle\u015fiyoruz.<br \/>\n\u015eayet elinizdeki eski video kay\u0131tlar\u0131ndan baz\u0131 g\u00f6r\u00fcnt\u00fclerin de bu filmde olmas\u0131n\u0131 isterseniz bunlar\u0131 birlikte izleyip sapt\u0131yoruz.&#8221; font_container=&#8221;tag:p|font_size:1.1em|text_align:left&#8221; use_theme_fonts=&#8221;yes&#8221; animation_delay=&#8221;1100&#8243; el_class=&#8221;pb-2 mb-4&#8243; animation_type=&#8221;fadeInUp&#8221;][\/vc_column][vc_column css=&#8221;.vc_custom_1727990786653{padding-top: 25px !important;}&#8221; conditional_render=&#8221;%5B%7B%22value_role%22%3A%22administrator%22%7D%5D&#8221;][vc_custom_heading text=&#8221;\u00c7ekim G\u00fcn\u00fc&#8221; font_container=&#8221;tag:h3|text_align:left|color:%23ae8862&#8243; use_theme_fonts=&#8221;yes&#8221; text_transform=&#8221;text-uppercase&#8221; font_weight=&#8221;700&#8243; animation_delay=&#8221;700&#8243; el_class=&#8221;mb-1&#8243; animation_type=&#8221;fadeInUp&#8221;][vc_custom_heading text=&#8221;\u00c7ekimimizi iki kamerayla, g\u00f6r\u00fcnt\u00fc y\u00f6netmenimizle birlikte ger\u00e7ekle\u015ftiriyoruz. Uzun s\u00f6yle\u015fi birka\u00e7 saat s\u00fcr\u00fcyor; \u00e7ok zevkli bir yolculuk gibi ge\u00e7iyor zaman. Daha sonra akt\u00fcel \u00e7ekimlerimize ge\u00e7iyoruz; ba\u015f ki\u015fimizi en sevdi\u011fi \u015feyleri yaparken \u00e7ekiyoruz; bu yemek yapmak da olabilir, y\u00fcr\u00fcy\u00fc\u015f yapmak da.. Son olarak evde bulunan ve filmde yer almak isteyen aile \u00fcyelerinin k\u0131sa \u00e7ekimleriyle \u00e7ekim g\u00fcn\u00fcm\u00fcz\u00fc tamaml\u0131yoruz.&#8221; font_container=&#8221;tag:p|font_size:1.1em|text_align:left&#8221; use_theme_fonts=&#8221;yes&#8221; animation_delay=&#8221;1100&#8243; el_class=&#8221;pb-2 mb-4&#8243; animation_type=&#8221;fadeInUp&#8221;][vc_custom_heading text=&#8221;Postprod\u00fcksiyon&#8221; font_container=&#8221;tag:h3|text_align:left|color:%23ae8862&#8243; use_theme_fonts=&#8221;yes&#8221; text_transform=&#8221;text-uppercase&#8221; font_weight=&#8221;700&#8243; animation_delay=&#8221;700&#8243; el_class=&#8221;mb-1&#8243; animation_type=&#8221;fadeInUp&#8221;][vc_custom_heading text=&#8221;\u00c7ekimlerimizi ve tarad\u0131\u011f\u0131m\u0131z foto\u011fraflar\u0131 ak\u0131c\u0131 bir dilde sentezleyebilmek i\u00e7in \u00fc\u00e7 haftaya ihtiyac\u0131m\u0131z oluyor. Ailenin ge\u00e7mi\u015fte ya\u015fad\u0131\u011f\u0131 yerlerle ilgili eski foto\u011fraflar da ara\u015ft\u0131r\u0131p filmde yer veriyoruz.<br \/>\nMontaj tamamlan\u0131p filmimiz haz\u0131r oldu\u011funda, filmi ve tarad\u0131\u011f\u0131m\u0131z belgelerinizi size flash diskte veriyoruz. Ham g\u00f6r\u00fcnt\u00fclerinizi de almak isterseniz bize verece\u011finiz hard diskinize onlar\u0131 aktarabiliriz.<br \/>\nSon olarak filmden bir, iki dakikayla s\u0131n\u0131rl\u0131 birka\u00e7 b\u00f6l\u00fcm\u00fc, web sitemizde, instagram ve sosyal medyada payla\u015fabilmek i\u00e7in taraf\u0131n\u0131za onaya sunuyoruz.&#8221; font_container=&#8221;tag:p|font_size:1.1em|text_align:left&#8221; use_theme_fonts=&#8221;yes&#8221; animation_delay=&#8221;1100&#8243; el_class=&#8221;pb-2 mb-4&#8243; animation_type=&#8221;fadeInUp&#8221;][vc_custom_heading text=&#8221;Kitap&#8221; font_container=&#8221;tag:h3|text_align:left|color:%23ae8862&#8243; use_theme_fonts=&#8221;yes&#8221; text_transform=&#8221;text-uppercase&#8221; font_weight=&#8221;700&#8243; animation_delay=&#8221;700&#8243; el_class=&#8221;mb-1&#8243; animation_type=&#8221;fadeInUp&#8221;][vc_custom_heading text=&#8221;Arzu ediliyorsa bu belgeselin bir kitab\u0131n\u0131 da olu\u015fturuyoruz. Grafik sanat\u00e7\u0131m\u0131z\u0131n \u00f6zel bir tasar\u0131m i\u00e7inde foto\u011fraf, mektup, harita gibi belgelerinizle zenginle\u015ftirece\u011fi kitab\u0131n metni i\u00e7in uzun s\u00f6yle\u015fimizi esas al\u0131yoruz. Ayr\u0131ca biz verdi\u011finiz bilgiler do\u011frultusunda aile a\u011fac\u0131n\u0131z\u0131 da olu\u015fturup kitapta yer verebiliyoruz. Bask\u0131ya girmeden \u00f6nce onay\u0131n\u0131za sunuyoruz. Kitaplar\u0131 10 adet bas\u0131l\u0131 kopya halinde teslim ediyoruz. \u0130stenirse daha \u00e7ok kopya sipari\u015f \u00fczerine bast\u0131r\u0131labiliyor.&#8221; font_container=&#8221;tag:p|font_size:1.1em|text_align:left&#8221; use_theme_fonts=&#8221;yes&#8221; animation_delay=&#8221;1100&#8243; el_class=&#8221;pb-2 mb-4&#8243; animation_type=&#8221;fadeInUp&#8221;][\/vc_column][\/vc_row]<\/p>\n<\/section>","protected":false},"excerpt":{"rendered":"<p>[vc_row content_placement=&#8221;middle&#8221; wrap_container=&#8221;yes&#8221; el_class=&#8221;custom-bg-pos&#8221; css=&#8221;.vc_custom_1728037892310{padding-top: 6rem !important;padding-bottom: 6rem !important;background-position: 0 0 !important;background-repeat: no-repeat !important;}&#8221; conditional_render=&#8221;%5B%7B%22value_role%22%3A%22administrator%22%7D%5D&#8221;][vc_column offset=&#8221;vc_col-md-5&#8243; conditional_render=&#8221;%5B%7B%22value_role%22%3A%22administrator%22%7D%5D&#8221;][vc_column_text el_class=&#8221;mb-0&#8243;][\/vc_column_text][\/vc_column][vc_column offset=&#8221;vc_col-lg-5 vc_col-md-7&#8243; el_class=&#8221;mb-5 mb-lg-0&#8243; conditional_render=&#8221;%5B%7B%22value_role%22%3A%22administrator%22%7D%5D&#8221;][vc_custom_heading text=&#8221;Haz\u0131rl\u0131k S\u00fcreci&#8221; font_container=&#8221;tag:h3|text_align:left|color:%23ae8862&#8243; use_theme_fonts=&#8221;yes&#8221; text_transform=&#8221;text-uppercase&#8221; font_weight=&#8221;700&#8243; animation_delay=&#8221;700&#8243; el_class=&#8221;mb-1&#8243; animation_type=&#8221;fadeInUp&#8221;][vc_custom_heading text=&#8221;Ailenizin tarihini sonraki ku\u015faklara aktarmak i\u00e7in g\u00fczel bir ara\u00e7 olacak bu film i\u00e7in iyi haz\u0131rlanmak gerekiyor. Tercihan \u00e7ekim yapaca\u011f\u0131m\u0131z mek\u00e2nda kapsaml\u0131 bir \u00f6n [&hellip;]<\/p>\n","protected":false},"author":1,"featured_media":0,"parent":0,"menu_order":0,"comment_status":"closed","ping_status":"closed","template":"","meta":{"footnotes":""},"class_list":["post-871","page","type-page","status-publish","hentry"],"_links":{"self":[{"href":"https:\/\/bubelgeselbenim.com\/index.php\/wp-json\/wp\/v2\/pages\/871","targetHints":{"allow":["GET"]}}],"collection":[{"href":"https:\/\/bubelgeselbenim.com\/index.php\/wp-json\/wp\/v2\/pages"}],"about":[{"href":"https:\/\/bubelgeselbenim.com\/index.php\/wp-json\/wp\/v2\/types\/page"}],"author":[{"embeddable":true,"href":"https:\/\/bubelgeselbenim.com\/index.php\/wp-json\/wp\/v2\/users\/1"}],"replies":[{"embeddable":true,"href":"https:\/\/bubelgeselbenim.com\/index.php\/wp-json\/wp\/v2\/comments?post=871"}],"version-history":[{"count":12,"href":"https:\/\/bubelgeselbenim.com\/index.php\/wp-json\/wp\/v2\/pages\/871\/revisions"}],"predecessor-version":[{"id":893,"href":"https:\/\/bubelgeselbenim.com\/index.php\/wp-json\/wp\/v2\/pages\/871\/revisions\/893"}],"wp:attachment":[{"href":"https:\/\/bubelgeselbenim.com\/index.php\/wp-json\/wp\/v2\/media?parent=871"}],"curies":[{"name":"wp","href":"https:\/\/api.w.org\/{rel}","templated":true}]}}